{"id":888,"date":"2017-10-08T11:04:06","date_gmt":"2017-10-08T11:04:06","guid":{"rendered":"http:\/\/www.lacarrichosa.com\/crecimiento\/"},"modified":"2018-02-04T23:28:37","modified_gmt":"2018-02-04T23:28:37","slug":"wachstum","status":"publish","type":"page","link":"https:\/\/lacarrichosa.com\/de\/wachstum\/","title":{"rendered":"Wachstum"},"content":{"rendered":"<p>[vc_row full_width=&#8220;stretch_row&#8220; css=&#8220;.vc_custom_1508263299577{margin-top: 50px !important;padding-top: 65px !important;padding-bottom: 100px !important;background: #f9f9f9 url(http:\/\/desa.piensaonline.com\/caprichosa\/wp-content\/uploads\/2017\/03\/instalaciones-22.png?id=606) !important;}&#8220;][vc_column offset=&#8220;vc_col-lg-3 vc_col-md-4 vc_col-xs-12&#8243;][vc_custom_heading text=&#8220;Eine Wette auf Innovation&#8220; font_container=&#8220;tag:h2|font_size:3.5rem|text_align:left|color:%23ffffff|line_height:1.1&#8243; use_theme_fonts=&#8220;yes&#8220; el_class=&#8220;poppins&#8220;][\/vc_column][vc_column offset=&#8220;vc_col-lg-9 vc_col-md-8 vc_col-xs-12&#8243;][vc_column_text css=&#8220;.vc_custom_1508103279585{margin-bottom: 0px !important;}&#8220;]<strong style=\"color: #fff;\">Frutas la Carrichosa f\u00fchrt regelm\u00e4\u00dfig Studien \u00fcber die Herstellung und Qualit\u00e4t der verschiedenen Sorten seiner Kulturen und \u00fcber die neuen Marktsorten durch.<\/strong><\/p>\n<p style=\"color: #fff;\">Das Unternehmen bewertet st\u00e4ndig zuk\u00fcnftige Produktwechsel nach dem Urteil der Profis und seiner betr\u00e4chtlichen Erfahrung. Das verbessert und erweitert die Marktanforderungen, indem man eine gro\u00dfe Anwahl an Obstb\u00e4ume mit den neuesten und fruchtbarsten Sorten des Sektors erzeugt.<\/p>\n<p>[\/vc_column_text][\/vc_column][\/vc_row][vc_row full_width=&#8220;stretch_row_content_no_spaces&#8220;][vc_column]<section class=\"product-section section\"><div class=\"container\"><div class=\"products\"><div class=\"products__inner\"><div class=\"row flex-items-xs-middle row-no-gutter\"><div class=\"col-md-6\"><div class=\"product__item product__item--text\"><h3 class=\"product__item__title\"><a href=\"#\" title=\"Wiedererweckung\">Wiedererweckung<\/a><\/h3><p>2007 hat man die komplette Renovierung unserer Obstsorten durchgef\u00fchrt, um an die neuen Nachfragen anpassen und entfertere M\u00e4rkte erreichen k\u00f6nnen . In unseren Beh\u00fcmungen, die h\u00f6chste Qualit\u00e4t anzubieten und konkurrenzf\u00e4higer zu sein schlie\u00dfen wir uns an die besten Sorteninnivationunternehmen an, die in der Region Murcia angesiedelt sind, die Steinobst und.<\/p><\/div><\/div><div class=\"col-md-6\"><div class=\"product__item product__item--image\"><img src=\"https:\/\/lacarrichosa.com\/wp-content\/uploads\/2017\/10\/renacimiento-22.png\" class=\"product__item__ico img-responsive\" alt=\"renacimiento-22.png\"><\/div><\/div><\/div><div class=\"row flex-items-xs-middle row-no-gutter\"><div class=\"col-md-6\"><div class=\"product__item product__item--text\"><h3 class=\"product__item__title\"><a href=\"#\" title=\"Partner\">Partner<\/a><\/h3><p>Es ist der Fall von NOVAMED (Novedades Varietales de Melocot\u00f3n del Mediterr\u00e1neo, S.L.) und ITUM (Investigaci\u00f3n y Tecnolog\u00eda de Uva de Mesa, S.L.), mit denen wir Hand in Hand zusammenarbeiten und arbeiten. Auf diese Weise f\u00f6rdern wir die Vereinigung mit den Unternehmen der Region Murcia, die kennen und in ihren Studien an unser au\u00dfergew\u00f6hnliches Klima und Boden- und<\/p><\/div><\/div><div class=\"col-md-6\"><div class=\"product__item product__item--image\"><img src=\"https:\/\/lacarrichosa.com\/wp-content\/uploads\/2017\/10\/renacimiento-23.png\" class=\"product__item__ico img-responsive\" alt=\"renacimiento-23.png\"><\/div><\/div><\/div><div class=\"row flex-items-xs-middle row-no-gutter\"><div class=\"col-md-6\"><div class=\"product__item product__item--text\"><h3 class=\"product__item__title\"><a href=\"#\" title=\"Erkennung\">Erkennung<\/a><\/h3><p>Im Fall der Tafeltraube befinden sich die Sortenverbesserungen unserer Partner im Top-4 weltweit, was unserem Unternehmen den Zugang zu ausschlie\u00dflichen Sorten mit hoher Qualit\u00e4t anbietet und ihren Anbau und Vermarktung erm\u00f6glicht. Wir verbinden so das Beste der \u00f6ffentlichen Forschung, mit dem IMIDA-Personal und der Privatinvestition.<\/p><\/div><\/div><div class=\"col-md-6\"><div class=\"product__item product__item--image\"><img src=\"https:\/\/lacarrichosa.com\/wp-content\/uploads\/2017\/10\/renacimiento-24.png\" class=\"product__item__ico img-responsive\" alt=\"renacimiento-24.png\"><\/div><\/div><\/div><\/div><\/div><\/div><\/section>[\/vc_column][\/vc_row][vc_row full_width=&#8220;stretch_row&#8220; css=&#8220;.vc_custom_1508074227986{background-color: #fde9cc !important;}&#8220;][vc_column width=&#8220;1\/3&#8243;][vc_single_image image=&#8220;1000&#8243; img_size=&#8220;full&#8220; alignment=&#8220;center&#8220;][\/vc_column][vc_column width=&#8220;1\/3&#8243;][vc_single_image image=&#8220;630&#8243; img_size=&#8220;full&#8220; alignment=&#8220;center&#8220;][\/vc_column][vc_column width=&#8220;1\/3&#8243;][vc_single_image image=&#8220;997&#8243; img_size=&#8220;full&#8220; alignment=&#8220;center&#8220;][\/vc_column][\/vc_row]<\/p>\n","protected":false},"excerpt":{"rendered":"<p>[vc_row full_width=&#8220;stretch_row&#8220; css=&#8220;.vc_custom_1508263299577{margin-top: 50px !important;padding-top: 65px !important;padding-bottom: 100px !important;background: #f9f9f9 url(http:\/\/desa.piensaonline.com\/caprichosa\/wp-content\/uploads\/2017\/03\/instalaciones-22.png?id=606) !important;}&#8220;][vc_column offset=&#8220;vc_col-lg-3 vc_col-md-4 vc_col-xs-12&#8243;][vc_custom_heading text=&#8220;Eine Wette auf Innovation&#8220; font_container=&#8220;tag:h2|font_size:3.5rem|text_align:left|color:%23ffffff|line_height:1.1&#8243; use_theme_fonts=&#8220;yes&#8220; el_class=&#8220;poppins&#8220;][\/vc_column][vc_column offset=&#8220;vc_col-lg-9 vc_col-md-8 vc_col-xs-12&#8243;][vc_column_text css=&#8220;.vc_custom_1508103279585{margin-bottom: 0px !important;}&#8220;]Frutas la Carrichosa f\u00fchrt regelm\u00e4\u00dfig Studien \u00fcber die Herstellung und Qualit\u00e4t der verschiedenen Sorten seiner Kulturen und \u00fcber die neuen Marktsorten durch. Das Unternehmen bewertet st\u00e4ndig zuk\u00fcnftige Produktwechsel [&hellip;]<\/p>\n","protected":false},"author":1,"featured_media":0,"parent":0,"menu_order":0,"comment_status":"closed","ping_status":"closed","template":"custom-page.php","meta":{"_monsterinsights_skip_tracking":false,"_monsterinsights_sitenote_active":false,"_monsterinsights_sitenote_note":"","_monsterinsights_sitenote_category":0},"categories":[],"tags":[],"_links":{"self":[{"href":"https:\/\/lacarrichosa.com\/de\/wp-json\/wp\/v2\/pages\/888"}],"collection":[{"href":"https:\/\/lacarrichosa.com\/de\/wp-json\/wp\/v2\/pages"}],"about":[{"href":"https:\/\/lacarrichosa.com\/de\/wp-json\/wp\/v2\/types\/page"}],"author":[{"embeddable":true,"href":"https:\/\/lacarrichosa.com\/de\/wp-json\/wp\/v2\/users\/1"}],"replies":[{"embeddable":true,"href":"https:\/\/lacarrichosa.com\/de\/wp-json\/wp\/v2\/comments?post=888"}],"version-history":[{"count":5,"href":"https:\/\/lacarrichosa.com\/de\/wp-json\/wp\/v2\/pages\/888\/revisions"}],"predecessor-version":[{"id":1003,"href":"https:\/\/lacarrichosa.com\/de\/wp-json\/wp\/v2\/pages\/888\/revisions\/1003"}],"wp:attachment":[{"href":"https:\/\/lacarrichosa.com\/de\/wp-json\/wp\/v2\/media?parent=888"}],"wp:term":[{"taxonomy":"category","embeddable":true,"href":"https:\/\/lacarrichosa.com\/de\/wp-json\/wp\/v2\/categories?post=888"},{"taxonomy":"post_tag","embeddable":true,"href":"https:\/\/lacarrichosa.com\/de\/wp-json\/wp\/v2\/tags?post=888"}],"curies":[{"name":"wp","href":"https:\/\/api.w.org\/{rel}","templated":true}]}}