{"id":890,"date":"2017-03-16T14:43:13","date_gmt":"2017-03-16T14:43:13","guid":{"rendered":"http:\/\/www.lacarrichosa.com\/instalaciones-procesos\/"},"modified":"2020-02-25T16:17:16","modified_gmt":"2020-02-25T15:17:16","slug":"anlagen-und-prozesse","status":"publish","type":"page","link":"https:\/\/lacarrichosa.com\/de\/anlagen-und-prozesse\/","title":{"rendered":"Anlagen und Prozesse"},"content":{"rendered":"<p>[vc_row full_width=&#8220;stretch_row&#8220; css=&#8220;.vc_custom_1508263245940{margin-top: 50px !important;padding-top: 65px !important;padding-bottom: 100px !important;background: #f9f9f9 url(https:\/\/lacarrichosa.com\/wp-content\/uploads\/2017\/03\/instalaciones-22.png?id=606) !important;}&#8220;][vc_column offset=&#8220;vc_col-lg-3 vc_col-md-4 vc_col-xs-12&#8243;][vc_custom_heading text=&#8220;Unsere Anlagen und Prozesse&#8220; font_container=&#8220;tag:h2|font_size:3.5rem|text_align:left|color:%23ffffff|line_height:1.1&#8243; use_theme_fonts=&#8220;yes&#8220; el_class=&#8220;poppins&#8220;][\/vc_column][vc_column offset=&#8220;vc_col-lg-9 vc_col-md-8 vc_col-xs-12&#8243;][vc_column_text css=&#8220;.vc_custom_1508102976477{margin-bottom: 0px !important;}&#8220;]<strong style=\"color: #fff;\">Frutas La Carrichosa investiert st\u00e4ndig in die Verbesserung seiner Anlagen und seines Maschinenparks, um seine Effizienz, Produktivit\u00e4t und Produktqualit\u00e4t zu erh\u00f6hen.<\/strong><\/p>\n<p style=\"color: #fff;\">2016 wurde die letzte Abteilung unserer Anlagen mit einer \u00dcberfl\u00e4che von mehr als 10.000 m2, eine Haupthalle von 5.000 m2 mit zwei erg\u00e4nzten Linien mit breiten Laderampen und Esplanaden er\u00f6ffnet, um die Zug\u00e4nge, den Transport und die Verteilung zu erleichtern.<\/p>\n<p>[\/vc_column_text][\/vc_column][\/vc_row][vc_row full_width=&#8220;stretch_row_content_no_spaces&#8220;][vc_column]<section class=\"product-section section\"><div class=\"container\"><div class=\"products\"><div class=\"products__inner\"><div class=\"row flex-items-xs-middle row-no-gutter\"><div class=\"col-md-6\"><div class=\"product__item product__item--text\"><h3 class=\"product__item__title\"><a href=\"#\" title=\"Herstellung\">Herstellung<\/a><\/h3><p>Wir haben ein Messger\u00e4t hoher Qualit\u00e4t, das uns erm\u00f6glicht, gleichzeitig mit Effizienz zwei Produkte zu arbeiten und um 200.000 Kilo pro Tag zu erstellen. Au\u00dferdem, gleichzeitig arbeiten 4 Korblinien, die Netze und Flow-Packs erstellen. In der Traubensaison treten man 3 Linien mit F\u00e4higkeit f\u00fcr mehr als 100 Handhabungsautomaten in T\u00e4tigkeit, indem sie so auf einer wirksamen und schneller Art arbeiten, indem man die Frische verbessert, mit der jede Traube ihr Endziel erreicht<\/p><\/div><\/div><div class=\"col-md-6\"><div class=\"product__item product__item--image\"><img src=\"https:\/\/lacarrichosa.com\/wp-content\/uploads\/2017\/03\/CONFECCIO\u0301N.jpg\" class=\"product__item__ico img-responsive\" alt=\"CONFECCIO\u0301N.jpg\"><\/div><\/div><\/div><div class=\"row flex-items-xs-middle row-no-gutter\"><div class=\"col-md-6\"><div class=\"product__item product__item--text\"><h3 class=\"product__item__title\"><a href=\"#\" title=\"Lebensmittelsicherheit\">Lebensmittelsicherheit<\/a><\/h3><p>In einem eigenen Labor ernehmen unsere Profis st\u00e4ndige Proben, um die \u00dcberwachung und Zertifikate unserer Produkte zu analysieren und versichern, indem sie Parameter wie Zucker, Kaliber, H\u00e4rte, F\u00e4rbung, Reifung\u2026 messen<\/p><\/div><\/div><div class=\"col-md-6\"><div class=\"product__item product__item--image\"><img src=\"https:\/\/lacarrichosa.com\/wp-content\/uploads\/2020\/02\/instalaciones-25.jpg\" class=\"product__item__ico img-responsive\" alt=\"instalaciones-25\"><\/div><\/div><\/div><div class=\"row flex-items-xs-middle row-no-gutter\"><div class=\"col-md-6\"><div class=\"product__item product__item--text\"><h3 class=\"product__item__title\"><a href=\"#\" title=\"Verpackung\">Verpackung<\/a><\/h3><p>Das Unternehmen arbeitet dank seines gro\u00dfen Personals in direkter Zusammenarbeit mit dem Endkunden, indem sie die Verpackungen an Ihre Bed\u00fcrfnisse anpassen k\u00f6nnen, immer indem sie als Ziel haben, die Kosten zu verbilligen, ohne die Qualit\u00e4t jeder Frucht abzuwerten.<\/p><\/div><\/div><div class=\"col-md-6\"><div class=\"product__item product__item--image\"><img src=\"https:\/\/lacarrichosa.com\/wp-content\/uploads\/2020\/02\/instalaciones-26.jpg\" class=\"product__item__ico img-responsive\" alt=\"instalaciones-26\"><\/div><\/div><\/div><div class=\"row flex-items-xs-middle row-no-gutter\"><div class=\"col-md-6\"><div class=\"product__item product__item--text\"><h3 class=\"product__item__title\"><a href=\"#\" title=\"K\u00fchlkette\">K\u00fchlkette<\/a><\/h3><p>Dieses Jahr 2017 haben wir eine moderne Klimaanlage im Lager installiert, die schafft es, in der ganzen Fl\u00e4che eine st\u00e4ndige Temperatur von 21 Grad beizubehalten, was unsere Mitarbeiter erm\u00f6glicht, das Obst in einer frischen Atmosph\u00e4re zu manipulieren und indem man am allerwenigsten die K\u00fchlkette bricht. Sie wird auch auf die K\u00fchllageerf\u00e4higkeit mit neuen Systemen f\u00fcr die Erhaltungsverbesserung vor und nach seiner Herstellung angewendet.<\/p><\/div><\/div><div class=\"col-md-6\"><div class=\"product__item product__item--image\"><img src=\"https:\/\/lacarrichosa.com\/wp-content\/uploads\/2020\/02\/instalaciones-27.jpg\" class=\"product__item__ico img-responsive\" alt=\"instalaciones-26\"><\/div><\/div><\/div><div class=\"row flex-items-xs-middle row-no-gutter\"><div class=\"col-md-6\"><div class=\"product__item product__item--text\"><h3 class=\"product__item__title\"><a href=\"#\" title=\"\u00dcberwachung\">\u00dcberwachung<\/a><\/h3><p>Dieses Jahr hat man ein neues  R\u00fcckverfolgbarkeits- und Verwaltungscomputersystem umgesetzt. Dieser Fortschritt hat eine gro\u00dfe Investition und ein gro\u00dfer Sprung in der Qualit\u00e4t und Organisierung des<\/p><\/div><\/div><div class=\"col-md-6\"><div class=\"product__item product__item--image\"><img src=\"https:\/\/lacarrichosa.com\/wp-content\/uploads\/2017\/03\/SEGUIMIENTO.jpg\" class=\"product__item__ico img-responsive\" alt=\"SEGUIMIENTO.jpg\"><\/div><\/div><\/div><\/div><\/div><\/div><\/section>[\/vc_column][\/vc_row][vc_row full_width=&#8220;stretch_row&#8220; css=&#8220;.vc_custom_1508263821725{padding-top: 65px !important;padding-bottom: 100px !important;background-color: #fdedd5 !important;}&#8220;][vc_column offset=&#8220;vc_col-lg-3 vc_col-md-4 vc_col-xs-12&#8243;][vc_custom_heading text=&#8220;Verpflichtung Sorgfalt&#8220; font_container=&#8220;tag:h2|font_size:3.5rem|text_align:left|color:%23333333|line_height:1.1&#8243; use_theme_fonts=&#8220;yes&#8220; el_class=&#8220;poppins&#8220;][\/vc_column][vc_column offset=&#8220;vc_col-lg-9 vc_col-md-8 vc_col-xs-12&#8243;][vc_column_text css=&#8220;.vc_custom_1508103096385{margin-bottom: 0px !important;}&#8220;]<strong>Indem man die Menschen pflegen, stellen wir die Qualit\u00e4t aller unseren Produkte sicher.<\/strong><\/p>\n<p>J\u00e4hrlich bestimmt Frutas la Carrichosa einen Teil seiner Bem\u00fchungen und seines Budgets f\u00fcr die Verbesserung der Qualit\u00e4t und Arbeitsbedingungen des Personals, indem man die Arbeitsfl\u00e4chen und Arbeitsmittel erweitert und indem man die Arbeitsstellen und Arbeitsger\u00e4te anpasst.[\/vc_column_text][\/vc_column][\/vc_row]<\/p>\n","protected":false},"excerpt":{"rendered":"<p>[vc_row full_width=&#8220;stretch_row&#8220; css=&#8220;.vc_custom_1508263245940{margin-top: 50px !important;padding-top: 65px !important;padding-bottom: 100px !important;background: #f9f9f9 url(https:\/\/lacarrichosa.com\/wp-content\/uploads\/2017\/03\/instalaciones-22.png?id=606) !important;}&#8220;][vc_column offset=&#8220;vc_col-lg-3 vc_col-md-4 vc_col-xs-12&#8243;][vc_custom_heading text=&#8220;Unsere Anlagen und Prozesse&#8220; font_container=&#8220;tag:h2|font_size:3.5rem|text_align:left|color:%23ffffff|line_height:1.1&#8243; use_theme_fonts=&#8220;yes&#8220; el_class=&#8220;poppins&#8220;][\/vc_column][vc_column offset=&#8220;vc_col-lg-9 vc_col-md-8 vc_col-xs-12&#8243;][vc_column_text css=&#8220;.vc_custom_1508102976477{margin-bottom: 0px !important;}&#8220;]Frutas La Carrichosa investiert st\u00e4ndig in die Verbesserung seiner Anlagen und seines Maschinenparks, um seine Effizienz, Produktivit\u00e4t und Produktqualit\u00e4t zu erh\u00f6hen. 2016 wurde die letzte Abteilung unserer Anlagen [&hellip;]<\/p>\n","protected":false},"author":1,"featured_media":0,"parent":0,"menu_order":0,"comment_status":"closed","ping_status":"closed","template":"custom-page.php","meta":{"_monsterinsights_skip_tracking":false,"_monsterinsights_sitenote_active":false,"_monsterinsights_sitenote_note":"","_monsterinsights_sitenote_category":0},"categories":[],"tags":[],"_links":{"self":[{"href":"https:\/\/lacarrichosa.com\/de\/wp-json\/wp\/v2\/pages\/890"}],"collection":[{"href":"https:\/\/lacarrichosa.com\/de\/wp-json\/wp\/v2\/pages"}],"about":[{"href":"https:\/\/lacarrichosa.com\/de\/wp-json\/wp\/v2\/types\/page"}],"author":[{"embeddable":true,"href":"https:\/\/lacarrichosa.com\/de\/wp-json\/wp\/v2\/users\/1"}],"replies":[{"embeddable":true,"href":"https:\/\/lacarrichosa.com\/de\/wp-json\/wp\/v2\/comments?post=890"}],"version-history":[{"count":7,"href":"https:\/\/lacarrichosa.com\/de\/wp-json\/wp\/v2\/pages\/890\/revisions"}],"predecessor-version":[{"id":1915,"href":"https:\/\/lacarrichosa.com\/de\/wp-json\/wp\/v2\/pages\/890\/revisions\/1915"}],"wp:attachment":[{"href":"https:\/\/lacarrichosa.com\/de\/wp-json\/wp\/v2\/media?parent=890"}],"wp:term":[{"taxonomy":"category","embeddable":true,"href":"https:\/\/lacarrichosa.com\/de\/wp-json\/wp\/v2\/categories?post=890"},{"taxonomy":"post_tag","embeddable":true,"href":"https:\/\/lacarrichosa.com\/de\/wp-json\/wp\/v2\/tags?post=890"}],"curies":[{"name":"wp","href":"https:\/\/api.w.org\/{rel}","templated":true}]}}