{"id":895,"date":"2017-10-08T15:20:02","date_gmt":"2017-10-08T15:20:02","guid":{"rendered":"http:\/\/www.lacarrichosa.com\/platerina\/"},"modified":"2017-10-17T22:16:30","modified_gmt":"2017-10-17T22:16:30","slug":"platerine","status":"publish","type":"page","link":"https:\/\/lacarrichosa.com\/de\/platerine\/","title":{"rendered":"Platerine"},"content":{"rendered":"<p>[vc_row css=&#8220;.vc_custom_1507474778495{margin-top: 100px !important;}&#8220;][vc_column width=&#8220;1\/2&#8243;][vc_custom_heading text=&#8220;Platerine&#8220;][vc_column_text]Viele Bauern haben mit dieser Frucht aufgegeben, wir setzen auf eine Platerine mit hoher Qualit\u00e4t mit einem unglaublichen s\u00fc\u00dfen Geschmack weiter.[\/vc_column_text][vc_single_image image=&#8220;650&#8243; img_size=&#8220;full&#8220;][\/vc_column][vc_column width=&#8220;1\/2&#8243;][vc_single_image image=&#8220;675&#8243; img_size=&#8220;full&#8220;][\/vc_column][\/vc_row]<\/p>\n","protected":false},"excerpt":{"rendered":"<p>[vc_row css=&#8220;.vc_custom_1507474778495{margin-top: 100px !important;}&#8220;][vc_column width=&#8220;1\/2&#8243;][vc_custom_heading text=&#8220;Platerine&#8220;][vc_column_text]Viele Bauern haben mit dieser Frucht aufgegeben, wir setzen auf eine Platerine mit hoher Qualit\u00e4t mit einem unglaublichen s\u00fc\u00dfen Geschmack weiter.[\/vc_column_text][vc_single_image image=&#8220;650&#8243; img_size=&#8220;full&#8220;][\/vc_column][vc_column width=&#8220;1\/2&#8243;][vc_single_image image=&#8220;675&#8243; img_size=&#8220;full&#8220;][\/vc_column][\/vc_row]<\/p>\n","protected":false},"author":1,"featured_media":1055,"parent":0,"menu_order":0,"comment_status":"closed","ping_status":"closed","template":"custom-page.php","meta":{"_monsterinsights_skip_tracking":false,"_monsterinsights_sitenote_active":false,"_monsterinsights_sitenote_note":"","_monsterinsights_sitenote_category":0},"categories":[14],"tags":[],"_links":{"self":[{"href":"https:\/\/lacarrichosa.com\/de\/wp-json\/wp\/v2\/pages\/895"}],"collection":[{"href":"https:\/\/lacarrichosa.com\/de\/wp-json\/wp\/v2\/pages"}],"about":[{"href":"https:\/\/lacarrichosa.com\/de\/wp-json\/wp\/v2\/types\/page"}],"author":[{"embeddable":true,"href":"https:\/\/lacarrichosa.com\/de\/wp-json\/wp\/v2\/users\/1"}],"replies":[{"embeddable":true,"href":"https:\/\/lacarrichosa.com\/de\/wp-json\/wp\/v2\/comments?post=895"}],"version-history":[{"count":2,"href":"https:\/\/lacarrichosa.com\/de\/wp-json\/wp\/v2\/pages\/895\/revisions"}],"predecessor-version":[{"id":1034,"href":"https:\/\/lacarrichosa.com\/de\/wp-json\/wp\/v2\/pages\/895\/revisions\/1034"}],"wp:featuredmedia":[{"embeddable":true,"href":"https:\/\/lacarrichosa.com\/de\/wp-json\/wp\/v2\/media\/1055"}],"wp:attachment":[{"href":"https:\/\/lacarrichosa.com\/de\/wp-json\/wp\/v2\/media?parent=895"}],"wp:term":[{"taxonomy":"category","embeddable":true,"href":"https:\/\/lacarrichosa.com\/de\/wp-json\/wp\/v2\/categories?post=895"},{"taxonomy":"post_tag","embeddable":true,"href":"https:\/\/lacarrichosa.com\/de\/wp-json\/wp\/v2\/tags?post=895"}],"curies":[{"name":"wp","href":"https:\/\/api.w.org\/{rel}","templated":true}]}}