{"id":896,"date":"2017-10-08T15:30:50","date_gmt":"2017-10-08T15:30:50","guid":{"rendered":"http:\/\/www.lacarrichosa.com\/uva\/"},"modified":"2017-10-17T22:16:17","modified_gmt":"2017-10-17T22:16:17","slug":"traube","status":"publish","type":"page","link":"https:\/\/lacarrichosa.com\/de\/traube\/","title":{"rendered":"Traube"},"content":{"rendered":"<p>[vc_row css=&#8220;.vc_custom_1507474778495{margin-top: 100px !important;}&#8220;][vc_column width=&#8220;1\/2&#8243;][vc_custom_heading text=&#8220;Traube&#8220;][vc_column_text]Dieses Produkt ist das Ergebnis der Zusammenarbeit und Innovation mit Itum, dessen Sorten im Top-4 der internationalen Tafeltraubenbewertung sich befinden.[\/vc_column_text][vc_column_text]Gr\u00fcne Traube[\/vc_column_text][vc_single_image image=&#8220;691&#8243; img_size=&#8220;full&#8220;][vc_column_text]Rote[\/vc_column_text][vc_single_image image=&#8220;692&#8243; img_size=&#8220;full&#8220;][vc_column_text]Schwarze[\/vc_column_text][vc_single_image image=&#8220;691&#8243; img_size=&#8220;full&#8220;][\/vc_column][vc_column width=&#8220;1\/2&#8243;][vc_single_image image=&#8220;1036&#8243; img_size=&#8220;full&#8220;][\/vc_column][\/vc_row][vc_row full_width=&#8220;stretch_row&#8220; nt_agricom_bg_position=&#8220;custom&#8220; css=&#8220;.vc_custom_1507475586065{padding-top: 65px !important;padding-bottom: 100px !important;background: #f6a730 url(https:\/\/lacarrichosa.com\/wp-content\/uploads\/2017\/10\/instalaciones-23.png?id=662) !important;background-position: 0 0 !important;background-repeat: no-repeat !important;}&#8220; nt_agricom_bg_positiony=&#8220;75%&#8220; nt_agricom_bg_positionx=&#8220;100%&#8220;][vc_column width=&#8220;1\/2&#8243; offset=&#8220;vc_col-lg-3 vc_col-md-4 vc_col-xs-12&#8243;][vc_custom_heading text=&#8220;Beneficios&#8220; font_container=&#8220;tag:h2|font_size:3.5rem|text_align:left|color:%23ffffff|line_height:1.1&#8243; use_theme_fonts=&#8220;yes&#8220; el_class=&#8220;poppins&#8220;][\/vc_column][vc_column width=&#8220;1\/2&#8243; offset=&#8220;vc_col-lg-9 vc_col-md-8 vc_col-xs-12&#8243; css=&#8220;.vc_custom_1507475456708{background-position: 0 0 !important;background-repeat: no-repeat !important;}&#8220;][vc_column_text css=&#8220;.vc_custom_1507475398120{margin-bottom: 0px !important;}&#8220;]<\/p>\n<p style=\"color: #fff;\">Necesitamos a\u00f1adir algo de texto \/ capacidad \/ beneficios \/ algo que os de m\u00e1s valor<\/p>\n<p style=\"color: #fff;\">\u00bfPod\u00e9is mandarnos algo m\u00e1s desarrollado para esta secci\u00f3n sobre VUESTRO producto y variedades?<\/p>\n<p>[\/vc_column_text][\/vc_column][\/vc_row]<\/p>\n","protected":false},"excerpt":{"rendered":"<p>[vc_row css=&#8220;.vc_custom_1507474778495{margin-top: 100px !important;}&#8220;][vc_column width=&#8220;1\/2&#8243;][vc_custom_heading text=&#8220;Traube&#8220;][vc_column_text]Dieses Produkt ist das Ergebnis der Zusammenarbeit und Innovation mit Itum, dessen Sorten im Top-4 der internationalen Tafeltraubenbewertung sich befinden.[\/vc_column_text][vc_column_text]Gr\u00fcne Traube[\/vc_column_text][vc_single_image image=&#8220;691&#8243; img_size=&#8220;full&#8220;][vc_column_text]Rote[\/vc_column_text][vc_single_image image=&#8220;692&#8243; img_size=&#8220;full&#8220;][vc_column_text]Schwarze[\/vc_column_text][vc_single_image image=&#8220;691&#8243; img_size=&#8220;full&#8220;][\/vc_column][vc_column width=&#8220;1\/2&#8243;][vc_single_image image=&#8220;1036&#8243; img_size=&#8220;full&#8220;][\/vc_column][\/vc_row][vc_row full_width=&#8220;stretch_row&#8220; nt_agricom_bg_position=&#8220;custom&#8220; css=&#8220;.vc_custom_1507475586065{padding-top: 65px !important;padding-bottom: 100px !important;background: #f6a730 url(https:\/\/lacarrichosa.com\/wp-content\/uploads\/2017\/10\/instalaciones-23.png?id=662) !important;background-position: 0 0 !important;background-repeat: no-repeat !important;}&#8220; nt_agricom_bg_positiony=&#8220;75%&#8220; nt_agricom_bg_positionx=&#8220;100%&#8220;][vc_column width=&#8220;1\/2&#8243; offset=&#8220;vc_col-lg-3 vc_col-md-4 [&hellip;]<\/p>\n","protected":false},"author":1,"featured_media":1054,"parent":0,"menu_order":0,"comment_status":"closed","ping_status":"closed","template":"custom-page.php","meta":{"_monsterinsights_skip_tracking":false,"_monsterinsights_sitenote_active":false,"_monsterinsights_sitenote_note":"","_monsterinsights_sitenote_category":0},"categories":[14],"tags":[],"_links":{"self":[{"href":"https:\/\/lacarrichosa.com\/de\/wp-json\/wp\/v2\/pages\/896"}],"collection":[{"href":"https:\/\/lacarrichosa.com\/de\/wp-json\/wp\/v2\/pages"}],"about":[{"href":"https:\/\/lacarrichosa.com\/de\/wp-json\/wp\/v2\/types\/page"}],"author":[{"embeddable":true,"href":"https:\/\/lacarrichosa.com\/de\/wp-json\/wp\/v2\/users\/1"}],"replies":[{"embeddable":true,"href":"https:\/\/lacarrichosa.com\/de\/wp-json\/wp\/v2\/comments?post=896"}],"version-history":[{"count":4,"href":"https:\/\/lacarrichosa.com\/de\/wp-json\/wp\/v2\/pages\/896\/revisions"}],"predecessor-version":[{"id":1037,"href":"https:\/\/lacarrichosa.com\/de\/wp-json\/wp\/v2\/pages\/896\/revisions\/1037"}],"wp:featuredmedia":[{"embeddable":true,"href":"https:\/\/lacarrichosa.com\/de\/wp-json\/wp\/v2\/media\/1054"}],"wp:attachment":[{"href":"https:\/\/lacarrichosa.com\/de\/wp-json\/wp\/v2\/media?parent=896"}],"wp:term":[{"taxonomy":"category","embeddable":true,"href":"https:\/\/lacarrichosa.com\/de\/wp-json\/wp\/v2\/categories?post=896"},{"taxonomy":"post_tag","embeddable":true,"href":"https:\/\/lacarrichosa.com\/de\/wp-json\/wp\/v2\/tags?post=896"}],"curies":[{"name":"wp","href":"https:\/\/api.w.org\/{rel}","templated":true}]}}