{"id":845,"date":"2017-10-08T11:04:06","date_gmt":"2017-10-08T11:04:06","guid":{"rendered":"http:\/\/www.lacarrichosa.com\/crecimiento\/"},"modified":"2017-10-17T18:25:43","modified_gmt":"2017-10-17T18:25:43","slug":"growth","status":"publish","type":"page","link":"https:\/\/lacarrichosa.com\/en\/growth\/","title":{"rendered":"Growth"},"content":{"rendered":"<p>[vc_row full_width=&#8221;stretch_row&#8221; css=&#8221;.vc_custom_1508263290467{margin-top: 50px !important;padding-top: 65px !important;padding-bottom: 100px !important;background: #f9f9f9 url(https:\/\/lacarrichosa.com\/wp-content\/uploads\/2017\/03\/instalaciones-22.png?id=606) !important;}&#8221;][vc_column offset=&#8221;vc_col-lg-3 vc_col-md-4 vc_col-xs-12&#8243;][vc_custom_heading text=&#8221;Supporting innovation&#8221; font_container=&#8221;tag:h2|font_size:3.5rem|text_align:left|color:%23ffffff|line_height:1.1&#8243; use_theme_fonts=&#8221;yes&#8221; el_class=&#8221;poppins&#8221;][\/vc_column][vc_column offset=&#8221;vc_col-lg-9 vc_col-md-8 vc_col-xs-12&#8243;][vc_column_text css=&#8221;.vc_custom_1508073782587{margin-bottom: 0px !important;}&#8221;]<strong style=\"color: #fff;\">Frutas la Carrichosa regularly carries out studies on the production and quality of the different varieties of its crops and on the new varieties in the market.<\/strong><\/p>\n<p style=\"color: #fff;\">The company is constantly considering future changes in products according to the criterion of professionals and their wide experience. This improves and increases the demands of the market, creating a wide range of fruit trees with the latest and most productive varieties in the sector.<\/p>\n<p>[\/vc_column_text][\/vc_column][\/vc_row][vc_row full_width=&#8221;stretch_row_content_no_spaces&#8221;][vc_column]<section class=\"product-section section\"><div class=\"container\"><div class=\"products\"><div class=\"products__inner\"><div class=\"row flex-items-xs-middle row-no-gutter\"><div class=\"col-md-6\"><div class=\"product__item product__item--text\"><h3 class=\"product__item__title\"><a href=\"#\" title=\"Reviving\">Reviving<\/a><\/h3><p>In 2007, we carried out a total reevaluation of our fruit varieties in order to adapt to the new demands of the market as well as reaching further markets. In our effort to offer the best quality and to be more competitive, we went into partnership with the best companies in variety innovation found in the Region of Murcia, working in stone fruits and grapes.<\/p><\/div><\/div><div class=\"col-md-6\"><div class=\"product__item product__item--image\"><img src=\"https:\/\/lacarrichosa.com\/wp-content\/uploads\/2017\/10\/renacimiento-22.png\" class=\"product__item__ico img-responsive\" alt=\"renacimiento-22.png\"><\/div><\/div><\/div><div class=\"row flex-items-xs-middle row-no-gutter\"><div class=\"col-md-6\"><div class=\"product__item product__item--text\"><h3 class=\"product__item__title\"><a href=\"#\" title=\"Collaborators\">Collaborators<\/a><\/h3><p>We collaborate and work hand in hand with NOVAMED (Novedades Varietales de Melocot\u00f3n del Mediterr\u00e1neo, S.L.) and ITUM (Investigaci\u00f3n y Tecnolog\u00eda de Uva de Mesa, S.L.). Through this collaboration we promote partnerships with companies in the Region of Murcia which are familiar with our exceptional climate and the characteristics of our soil and water and have thus adapted their studies.<\/p><\/div><\/div><div class=\"col-md-6\"><div class=\"product__item product__item--image\"><img src=\"https:\/\/lacarrichosa.com\/wp-content\/uploads\/2017\/10\/renacimiento-23.png\" class=\"product__item__ico img-responsive\" alt=\"renacimiento-23.png\"><\/div><\/div><\/div><div class=\"row flex-items-xs-middle row-no-gutter\"><div class=\"col-md-6\"><div class=\"product__item product__item--text\"><h3 class=\"product__item__title\"><a href=\"#\" title=\"Recognition\">Recognition<\/a><\/h3><p>In the case of grape, the variety improvements of our partners are among the Top 4 at a global level, which gives our company access to some high quality exclusive varieties and allows us to grow and commercialize these varieties. We join thus the best aspects of public research with the staff of IMIDA (the Institute of Agricultural and Food Research and Development of Murcia) and private investment.<\/p><\/div><\/div><div class=\"col-md-6\"><div class=\"product__item product__item--image\"><img src=\"https:\/\/lacarrichosa.com\/wp-content\/uploads\/2017\/10\/renacimiento-24.png\" class=\"product__item__ico img-responsive\" alt=\"renacimiento-24.png\"><\/div><\/div><\/div><\/div><\/div><\/div><\/section>[\/vc_column][\/vc_row][vc_row full_width=&#8221;stretch_row&#8221; css=&#8221;.vc_custom_1508074253592{background-color: #fde9cc !important;}&#8221;][vc_column width=&#8221;1\/3&#8243;][vc_single_image image=&#8221;998&#8243; img_size=&#8221;full&#8221; alignment=&#8221;center&#8221;][\/vc_column][vc_column width=&#8221;1\/3&#8243;][vc_single_image image=&#8221;630&#8243; img_size=&#8221;full&#8221; alignment=&#8221;center&#8221;][\/vc_column][vc_column width=&#8221;1\/3&#8243;][vc_single_image image=&#8221;997&#8243; img_size=&#8221;full&#8221; alignment=&#8221;center&#8221;][\/vc_column][\/vc_row]<\/p>\n","protected":false},"excerpt":{"rendered":"<p>[vc_row full_width=&#8221;stretch_row&#8221; css=&#8221;.vc_custom_1508263290467{margin-top: 50px !important;padding-top: 65px !important;padding-bottom: 100px !important;background: #f9f9f9 url(https:\/\/lacarrichosa.com\/wp-content\/uploads\/2017\/03\/instalaciones-22.png?id=606) !important;}&#8221;][vc_column offset=&#8221;vc_col-lg-3 vc_col-md-4 vc_col-xs-12&#8243;][vc_custom_heading text=&#8221;Supporting innovation&#8221; font_container=&#8221;tag:h2|font_size:3.5rem|text_align:left|color:%23ffffff|line_height:1.1&#8243; use_theme_fonts=&#8221;yes&#8221; el_class=&#8221;poppins&#8221;][\/vc_column][vc_column offset=&#8221;vc_col-lg-9 vc_col-md-8 vc_col-xs-12&#8243;][vc_column_text css=&#8221;.vc_custom_1508073782587{margin-bottom: 0px !important;}&#8221;]Frutas la Carrichosa regularly carries out studies on the production and quality of the different varieties of its crops and on the new varieties in the market. The company is [&hellip;]<\/p>\n","protected":false},"author":1,"featured_media":0,"parent":0,"menu_order":0,"comment_status":"closed","ping_status":"closed","template":"custom-page.php","meta":{"_monsterinsights_skip_tracking":false,"_monsterinsights_sitenote_active":false,"_monsterinsights_sitenote_note":"","_monsterinsights_sitenote_category":0},"categories":[],"tags":[],"_links":{"self":[{"href":"https:\/\/lacarrichosa.com\/en\/wp-json\/wp\/v2\/pages\/845"}],"collection":[{"href":"https:\/\/lacarrichosa.com\/en\/wp-json\/wp\/v2\/pages"}],"about":[{"href":"https:\/\/lacarrichosa.com\/en\/wp-json\/wp\/v2\/types\/page"}],"author":[{"embeddable":true,"href":"https:\/\/lacarrichosa.com\/en\/wp-json\/wp\/v2\/users\/1"}],"replies":[{"embeddable":true,"href":"https:\/\/lacarrichosa.com\/en\/wp-json\/wp\/v2\/comments?post=845"}],"version-history":[{"count":6,"href":"https:\/\/lacarrichosa.com\/en\/wp-json\/wp\/v2\/pages\/845\/revisions"}],"predecessor-version":[{"id":1004,"href":"https:\/\/lacarrichosa.com\/en\/wp-json\/wp\/v2\/pages\/845\/revisions\/1004"}],"wp:attachment":[{"href":"https:\/\/lacarrichosa.com\/en\/wp-json\/wp\/v2\/media?parent=845"}],"wp:term":[{"taxonomy":"category","embeddable":true,"href":"https:\/\/lacarrichosa.com\/en\/wp-json\/wp\/v2\/categories?post=845"},{"taxonomy":"post_tag","embeddable":true,"href":"https:\/\/lacarrichosa.com\/en\/wp-json\/wp\/v2\/tags?post=845"}],"curies":[{"name":"wp","href":"https:\/\/api.w.org\/{rel}","templated":true}]}}